{"id":2,"date":"2015-12-27T13:06:23","date_gmt":"2015-12-27T12:06:23","guid":{"rendered":"http:\/\/stluc.org\/?page_id=2"},"modified":"2017-03-18T13:47:28","modified_gmt":"2017-03-18T12:47:28","slug":"avis_legal","status":"publish","type":"page","link":"https:\/\/stluc.org\/?page_id=2","title":{"rendered":"Avis l\u00e9gal"},"content":{"rendered":"<p>Le portail : www.stluc.org est la propri\u00e9t\u00e9 de la Communaut\u00e9 Saint Luc dont le si\u00e8ge est situ\u00e9 : 231 rue Saint Pierre 13005 Marseille. T\u00e9l.: 33 (0)4.91.48.87.79 Courriel : stluc@stluc.org<br \/>\nLe portail : www.stluc.org est h\u00e9berg\u00e9 sur les mat\u00e9riels informatiques de la soci\u00e9t\u00e9 SAS OVH dont le si\u00e8ge social est situ\u00e9 : 2 rue Kellermann BP 80157 59100 Roubaix.<br \/>\nConditions g\u00e9n\u00e9rales d\u2019utilisation.<br \/>\nL\u2019utilisateur reconna\u00eet avoir pris connaissance des pr\u00e9sentes conditions g\u00e9n\u00e9rales d\u2019utilisation et s\u2019engage \u00e0 les respecter.<br \/>\nLa Communaut\u00e9 Saint Luc se r\u00e9serve le droit de modifier la pr\u00e9sente notice \u00e0 tout moment.<br \/>\nL\u2019utilisateur s\u2019engage donc \u00e0 la consulter r\u00e9guli\u00e8rement.<br \/>\nLes informations fournies sur le pr\u00e9sent portail le sont \u00e0 titre informatif et indicatif. La Communaut\u00e9 Saint Luc ne saurait garantir l\u2019exactitude, la compl\u00e9tude, l\u2019actualit\u00e9 des informations diffus\u00e9es sur le site. Elles ne sauraient dispenser l\u2019utilisateur d\u2019une analyse compl\u00e9mentaire et adapt\u00e9e.<br \/>\nLa Communaut\u00e9 Saint Luc ne saurait donc \u00eatre tenu responsable des erreurs et omissions, d\u2019une absence de disponibilit\u00e9 des informations et des services.<br \/>\nEn cons\u00e9quence, l\u2019utilisateur reconnait utiliser ces informations sous sa responsabilit\u00e9 exclusive.<br \/>\nLa Communaut\u00e9 Saint Luc ne saurait \u00eatre tenu pour responsable des dommages directs ou indirects qui pourraient r\u00e9sulter de l\u2019acc\u00e8s ou de l\u2019utilisation du pr\u00e9sent portail, y compris l\u2019inaccessibilit\u00e9, les pertes de donn\u00e9es, et\/ou la pr\u00e9sence de virus sur le site, sans que cette liste soit limitative.<br \/>\nToute reproduction ou repr\u00e9sentation totale ou partielle, seules ou int\u00e9gr\u00e9es \u00e0 d\u2019autres \u00e9l\u00e9ments, sans autorisation \u00e9crite, expresse et pr\u00e9alable de la communaut\u00e9 Saint Luc en est strictement interdite.<br \/>\nLa structure g\u00e9n\u00e9rale, textes, images, savoir-faire et plus g\u00e9n\u00e9ralement toutes les informations et contenus dans le pr\u00e9sent portail sont la propri\u00e9t\u00e9 de la Communaut\u00e9 Saint Luc ou font l\u2019objet d\u2019un droit d\u2019utilisation ou d\u2019exploitation. Ces \u00e9l\u00e9ments sont soumis \u00e0 la l\u00e9gislation prot\u00e9geant le droit d\u2019auteur.<br \/>\nToute repr\u00e9sentation, modification, reproduction, d\u00e9naturation, totale ou partielle, de tout ou partie du site ou de son contenu, par quelque proc\u00e9d\u00e9 que ce soit, et sur quelque support que ce soit, constituerait une contrefa\u00e7on sanctionn\u00e9e par les articles L.335-2 et suivants du Code de la Propri\u00e9t\u00e9 Intellectuelle.<br \/>\nLes bases de donn\u00e9es figurant, le cas \u00e9ch\u00e9ant, sur le pr\u00e9sent portail sont prot\u00e9g\u00e9es par les dispositions de la loi du 1er juillet 1998 transposant dans le Code de la Propri\u00e9t\u00e9 Intellectuelle la Directive Europ\u00e9enne du 11 mars 1996 relative \u00e0 la protection juridique des bases de donn\u00e9es. A ce titre, la Communaut\u00e9 Saint Luc interdit express\u00e9ment toute r\u00e9utilisation, reproduction ou extraction d\u2019\u00e9l\u00e9ments de ces bases de donn\u00e9es. La r\u00e9utilisation, reproduction ou extraction non autoris\u00e9e engage la responsabilit\u00e9 de l\u2019utilisateur.<br \/>\nLa Communaut\u00e9 Saint Luc se r\u00e9serve la facult\u00e9 de supprimer, sans d\u00e9lais, et sans mise en demeure pr\u00e9alable, tout contenu : message, texte, images, graphique qui contreviendrait aux lois et r\u00e8glements en vigueur et notamment les r\u00e8glementations pr\u00e9cis\u00e9es ci-dessus.<br \/>\nDans l\u2019hypoth\u00e8se o\u00f9 vous souhaiteriez utiliser un des contenus du site (texte, image,&#8230;), vous devez obtenir l\u2019autorisation \u00e9crite, expresse et pr\u00e9alable de la Communaut\u00e9 Saint Luc en \u00e9crivant \u00e0 l\u2019adresse pr\u00e9cis\u00e9e ci-dessus ou en envoyant un courriel au webmaster.<br \/>\n\u2022Informations l\u00e9gales<br \/>\n\u00ab\u00a0Les Amis de Saint-Luc\u00a0\u00bb, Association loi de 1901, CCP 6714-90V Marseille<br \/>\n\u00ab\u00a0Communaut\u00e9 Saint-Luc\u00a0\u00bb, Association Publique de Fid\u00e8les selon le Droit canonique 298 et ss, 312 et ss.<br \/>\nCNIL : d\u00e9claration 05\/05\/2005<\/p>\n","protected":false},"excerpt":{"rendered":"<p>Le portail : www.stluc.org est la propri\u00e9t\u00e9 de la Communaut\u00e9 Saint Luc dont le si\u00e8ge est situ\u00e9 : 231 rue Saint Pierre 13005 Marseille. T\u00e9l.: 33 (0)4.91.48.87.79 Courriel : stluc@stluc.org Le portail : www.stluc.org est h\u00e9berg\u00e9 sur les mat\u00e9riels informatiques de la soci\u00e9t\u00e9 SAS OVH dont le si\u00e8ge social est situ\u00e9 : 2 rue Kellermann &hellip;<\/p>\n","protected":false},"author":1,"featured_media":0,"parent":0,"menu_order":2,"comment_status":"closed","ping_status":"closed","template":"","meta":{"footnotes":""},"class_list":["post-2","page","type-page","status-publish","hentry"],"yoast_head":"<!-- This site is optimized with the Yoast SEO plugin v20.12 - https:\/\/yoast.com\/wordpress\/plugins\/seo\/ -->\n<title>Avis l\u00e9gal - Communaut\u00e9 Catholique Saint Luc<\/title>\n<meta name=\"robots\" content=\"index, follow, max-snippet:-1, max-image-preview:large, max-video-preview:-1\" \/>\n<link rel=\"canonical\" href=\"https:\/\/stluc.org\/?page_id=2\" \/>\n<meta property=\"og:locale\" content=\"fr_FR\" \/>\n<meta property=\"og:type\" content=\"article\" \/>\n<meta property=\"og:title\" content=\"Avis l\u00e9gal - Communaut\u00e9 Catholique Saint Luc\" \/>\n<meta property=\"og:description\" content=\"Le portail : www.stluc.org est la propri\u00e9t\u00e9 de la Communaut\u00e9 Saint Luc dont le si\u00e8ge est situ\u00e9 : 231 rue Saint Pierre 13005 Marseille. T\u00e9l.: 33 (0)4.91.48.87.79 Courriel : stluc@stluc.org Le portail : www.stluc.org est h\u00e9berg\u00e9 sur les mat\u00e9riels informatiques de la soci\u00e9t\u00e9 SAS OVH dont le si\u00e8ge social est situ\u00e9 : 2 rue Kellermann &hellip;\" \/>\n<meta property=\"og:url\" content=\"https:\/\/stluc.org\/?page_id=2\" \/>\n<meta property=\"og:site_name\" content=\"Communaut\u00e9 Catholique Saint Luc\" \/>\n<meta property=\"article:modified_time\" content=\"2017-03-18T12:47:28+00:00\" \/>\n<meta name=\"twitter:card\" content=\"summary_large_image\" \/>\n<meta name=\"twitter:label1\" content=\"Dur\u00e9e de lecture estim\u00e9e\" \/>\n\t<meta name=\"twitter:data1\" content=\"3 minutes\" \/>\n<script type=\"application\/ld+json\" class=\"yoast-schema-graph\">{\"@context\":\"https:\/\/schema.org\",\"@graph\":[{\"@type\":\"WebPage\",\"@id\":\"https:\/\/stluc.org\/?page_id=2\",\"url\":\"https:\/\/stluc.org\/?page_id=2\",\"name\":\"Avis l\u00e9gal - Communaut\u00e9 Catholique Saint Luc\",\"isPartOf\":{\"@id\":\"https:\/\/stluc.org\/#website\"},\"datePublished\":\"2015-12-27T12:06:23+00:00\",\"dateModified\":\"2017-03-18T12:47:28+00:00\",\"breadcrumb\":{\"@id\":\"https:\/\/stluc.org\/?page_id=2#breadcrumb\"},\"inLanguage\":\"fr-FR\",\"potentialAction\":[{\"@type\":\"ReadAction\",\"target\":[\"https:\/\/stluc.org\/?page_id=2\"]}]},{\"@type\":\"BreadcrumbList\",\"@id\":\"https:\/\/stluc.org\/?page_id=2#breadcrumb\",\"itemListElement\":[{\"@type\":\"ListItem\",\"position\":1,\"name\":\"Accueil\",\"item\":\"https:\/\/stluc.org\/\"},{\"@type\":\"ListItem\",\"position\":2,\"name\":\"Avis l\u00e9gal\"}]},{\"@type\":\"WebSite\",\"@id\":\"https:\/\/stluc.org\/#website\",\"url\":\"https:\/\/stluc.org\/\",\"name\":\"Communaut\u00e9 Catholique Saint Luc\",\"description\":\"La Coresponsabilit\u00e9 en Eglise\",\"potentialAction\":[{\"@type\":\"SearchAction\",\"target\":{\"@type\":\"EntryPoint\",\"urlTemplate\":\"https:\/\/stluc.org\/?s={search_term_string}\"},\"query-input\":\"required name=search_term_string\"}],\"inLanguage\":\"fr-FR\"}]}<\/script>\n<!-- \/ Yoast SEO plugin. -->","yoast_head_json":{"title":"Avis l\u00e9gal - Communaut\u00e9 Catholique Saint Luc","robots":{"index":"index","follow":"follow","max-snippet":"max-snippet:-1","max-image-preview":"max-image-preview:large","max-video-preview":"max-video-preview:-1"},"canonical":"https:\/\/stluc.org\/?page_id=2","og_locale":"fr_FR","og_type":"article","og_title":"Avis l\u00e9gal - Communaut\u00e9 Catholique Saint Luc","og_description":"Le portail : www.stluc.org est la propri\u00e9t\u00e9 de la Communaut\u00e9 Saint Luc dont le si\u00e8ge est situ\u00e9 : 231 rue Saint Pierre 13005 Marseille. T\u00e9l.: 33 (0)4.91.48.87.79 Courriel : stluc@stluc.org Le portail : www.stluc.org est h\u00e9berg\u00e9 sur les mat\u00e9riels informatiques de la soci\u00e9t\u00e9 SAS OVH dont le si\u00e8ge social est situ\u00e9 : 2 rue Kellermann &hellip;","og_url":"https:\/\/stluc.org\/?page_id=2","og_site_name":"Communaut\u00e9 Catholique Saint Luc","article_modified_time":"2017-03-18T12:47:28+00:00","twitter_card":"summary_large_image","twitter_misc":{"Dur\u00e9e de lecture estim\u00e9e":"3 minutes"},"schema":{"@context":"https:\/\/schema.org","@graph":[{"@type":"WebPage","@id":"https:\/\/stluc.org\/?page_id=2","url":"https:\/\/stluc.org\/?page_id=2","name":"Avis l\u00e9gal - Communaut\u00e9 Catholique Saint Luc","isPartOf":{"@id":"https:\/\/stluc.org\/#website"},"datePublished":"2015-12-27T12:06:23+00:00","dateModified":"2017-03-18T12:47:28+00:00","breadcrumb":{"@id":"https:\/\/stluc.org\/?page_id=2#breadcrumb"},"inLanguage":"fr-FR","potentialAction":[{"@type":"ReadAction","target":["https:\/\/stluc.org\/?page_id=2"]}]},{"@type":"BreadcrumbList","@id":"https:\/\/stluc.org\/?page_id=2#breadcrumb","itemListElement":[{"@type":"ListItem","position":1,"name":"Accueil","item":"https:\/\/stluc.org\/"},{"@type":"ListItem","position":2,"name":"Avis l\u00e9gal"}]},{"@type":"WebSite","@id":"https:\/\/stluc.org\/#website","url":"https:\/\/stluc.org\/","name":"Communaut\u00e9 Catholique Saint Luc","description":"La Coresponsabilit\u00e9 en Eglise","potentialAction":[{"@type":"SearchAction","target":{"@type":"EntryPoint","urlTemplate":"https:\/\/stluc.org\/?s={search_term_string}"},"query-input":"required name=search_term_string"}],"inLanguage":"fr-FR"}]}},"_links":{"self":[{"href":"https:\/\/stluc.org\/index.php?rest_route=\/wp\/v2\/pages\/2","targetHints":{"allow":["GET"]}}],"collection":[{"href":"https:\/\/stluc.org\/index.php?rest_route=\/wp\/v2\/pages"}],"about":[{"href":"https:\/\/stluc.org\/index.php?rest_route=\/wp\/v2\/types\/page"}],"author":[{"embeddable":true,"href":"https:\/\/stluc.org\/index.php?rest_route=\/wp\/v2\/users\/1"}],"replies":[{"embeddable":true,"href":"https:\/\/stluc.org\/index.php?rest_route=%2Fwp%2Fv2%2Fcomments&post=2"}],"version-history":[{"count":3,"href":"https:\/\/stluc.org\/index.php?rest_route=\/wp\/v2\/pages\/2\/revisions"}],"predecessor-version":[{"id":30,"href":"https:\/\/stluc.org\/index.php?rest_route=\/wp\/v2\/pages\/2\/revisions\/30"}],"wp:attachment":[{"href":"https:\/\/stluc.org\/index.php?rest_route=%2Fwp%2Fv2%2Fmedia&parent=2"}],"curies":[{"name":"wp","href":"https:\/\/api.w.org\/{rel}","templated":true}]}}