{"id":180,"date":"2016-01-24T16:17:22","date_gmt":"2016-01-24T15:17:22","guid":{"rendered":"http:\/\/stluc.org\/?page_id=180"},"modified":"2026-03-29T17:16:17","modified_gmt":"2026-03-29T15:16:17","slug":"meditations","status":"publish","type":"page","link":"https:\/\/stluc.org\/?page_id=180","title":{"rendered":"M\u00e9ditations"},"content":{"rendered":"<p><a href=\"http:\/\/stluc.org\/wp-content\/uploads\/2026\/03\/Meditation-des-textes-5eme-de-Careme-1.pdf\">M\u00e9ditation du 5\u00e8me dimanche de Car\u00eame<\/a><\/p>\n<p><a href=\"http:\/\/stluc.org\/wp-content\/uploads\/2026\/01\/Meditation-Genevieve.pdf\">M\u00e9ditation du 2\u00e8me dimanche du temps ordinaire<\/a><\/p>\n<p><a href=\"http:\/\/stluc.org\/wp-content\/uploads\/2025\/12\/Christ-Roi-de-lUnivers.pdf\">M\u00e9ditation du \u00ab\u00a0Christ Roi de l&rsquo;univers\u00a0\u00bb<\/a><\/p>\n<p><a href=\"http:\/\/stluc.org\/wp-content\/uploads\/2025\/06\/Homelie-du-7eme-Dimanche-de-Paques.pdf\">Hom\u00e9lie du 7\u00e8me dimanche de P\u00e2ques<\/a><\/p>\n<p><a href=\"http:\/\/stluc.org\/wp-content\/uploads\/2025\/05\/Reflexions-suite-au-5eme-dimanche-de-Paques.pdf\">R\u00e9flexions sur les textes du 6\u00e8me dimanche de P\u00e2ques<\/a><\/p>\n<p><a href=\"http:\/\/stluc.org\/wp-content\/uploads\/2025\/03\/3eme-dimanche-de-Careme-2025.pdf\">M\u00e9ditation du 3\u00e8me dimanche de Car\u00eame 2025<\/a><\/p>\n<p><a href=\"http:\/\/stluc.org\/wp-content\/uploads\/2025\/02\/7eme-dimanche-stLuc.pdf\">M\u00e9ditation du 7\u00e8me dimanche ordinaire<\/a><\/p>\n<p><a href=\"http:\/\/stluc.org\/wp-content\/uploads\/2025\/01\/Meditation-Saint-Luc-25.01.2025.pdf\">M\u00e9ditation du 3\u00e8me dimanche ordinaire<\/a><\/p>\n<p><a href=\"http:\/\/stluc.org\/wp-content\/uploads\/2024\/11\/Meditation-Christ-roi-de-lunivers-24.11.2024.pdf\">M\u00e9ditation du Christ roi de l&rsquo;univers<\/a><\/p>\n<p><a href=\"http:\/\/stluc.org\/wp-content\/uploads\/2024\/11\/Meditation-du-30eme-dimanche-ordinaire.pdf\">M\u00e9ditation du 30\u00e8me dimanche ordinaire<\/a><\/p>\n<p><a href=\"http:\/\/stluc.org\/wp-content\/uploads\/2024\/05\/Ac-1-1-11-Lascension.pdf\">Hom\u00e9lie de Robert Peloux Ascension<\/a><\/p>\n<p><a href=\"http:\/\/stluc.org\/wp-content\/uploads\/2024\/05\/5eme-dimanche-de-Paques.pdf\">M\u00e9ditation du 5\u00e8me dimanche de P\u00e2ques<\/a><\/p>\n<p><a href=\"http:\/\/stluc.org\/wp-content\/uploads\/2024\/02\/Homelie-de-Jean-Pol-Lejeune.pdf\">Hom\u00e9lie de Jean-Pol Lejeune lors des fun\u00e9railles d&rsquo;Anne-Marie Tempier<\/a><\/p>\n<p><a href=\"http:\/\/stluc.org\/wp-content\/uploads\/2023\/12\/Meditation-du-23_12.pdf\">M\u00e9ditation du 4\u00e8me dimanche de l&rsquo;Avent<\/a><\/p>\n<p><a href=\"http:\/\/stluc.org\/wp-content\/uploads\/2023\/10\/Meditation-St-Luc-21.10.2023.pdf\">M\u00e9ditation du 29\u00e8me dimanche ordinaire<\/a><\/p>\n<p><a href=\"http:\/\/stluc.org\/wp-content\/uploads\/2023\/08\/20eme-dimanche-ordinaire-G-et-S-20.08.2023.pdf\">M\u00e9ditatiion du 20\u00e8me dimanche ordinaire<\/a><\/p>\n<p><a href=\"http:\/\/stluc.org\/wp-content\/uploads\/2023\/07\/17eme-du-temps-ordinaire-2023.pdf\">M\u00e9ditation du 17\u00e8me dimanche ordinaire 2023<\/a><\/p>\n<p><a href=\"http:\/\/stluc.org\/wp-content\/uploads\/2023\/07\/meditation-du-16eme-dimanche-2023.pdf\">M\u00e9ditation du 16\u00e8me dimanche ordinaire<\/a><\/p>\n<p><a href=\"http:\/\/stluc.org\/wp-content\/uploads\/2023\/05\/Meditation-Pentecote-2023.pdf\">M\u00e9ditation pour la Pentec\u00f4te (2023)<\/a><\/p>\n<p><a href=\"http:\/\/stluc.org\/wp-content\/uploads\/2022\/06\/13eme-dimanche-25.06.2022.pdf\">M\u00e9ditation pour le 13\u00e8me dimanche du temps ordinaire (26062022)<\/a><\/p>\n<p><a href=\"http:\/\/stluc.org\/wp-content\/uploads\/2021\/05\/Meditation-pour-Pentecote-2021.pdf\">M\u00e9ditation pour la Pentec\u00f4te (2021)<\/a><\/p>\n<p><a href=\"http:\/\/stluc.org\/wp-content\/uploads\/2021\/04\/je-connais-mes-brebis.pdf\">M\u00e9ditation 4\u00e8me dimanche de P\u00e2ques (2021)<\/a><\/p>\n<p><a href=\"http:\/\/stluc.org\/wp-content\/uploads\/2020\/12\/Meditation-Sainte-Famille-2020.pdf\">M\u00e9ditation pour la f\u00eate de la Sainte Famille (2020)<\/a><\/p>\n<p><a href=\"http:\/\/stluc.org\/wp-content\/uploads\/2020\/06\/meditation-13eme-dimanche-ordinaire-28062020.pdf\">M\u00e9ditation 13\u00e8me dimanche ordinaire (2020)<\/a><\/p>\n<p><a href=\"http:\/\/stluc.org\/wp-content\/uploads\/2020\/03\/MED-Genevi\u00e8ve-SL.pdf\">M\u00e9ditation du 1er dimanche de Car\u00eame (2020)<\/a><\/p>\n<p><a href=\"http:\/\/stluc.org\/wp-content\/uploads\/2019\/12\/La-Sainte-Famille.pdf\">M\u00e9ditation pour la f\u00eate de la Sainte Famille<\/a><\/p>\n<p><a href=\"http:\/\/stluc.org\/wp-content\/uploads\/2019\/12\/CHRIST-ROI-m\u00e9ditation-2019.pdf\">M\u00e9ditation pour la f\u00eate du Christ Roi<\/a><\/p>\n<p><a href=\"http:\/\/stluc.org\/wp-content\/uploads\/2019\/10\/MEDITATION-du-30ieme-DIMANCHE-du-Temps-Ordinaire.pdf\">M\u00e9ditation du 26\/10\/2019 (30\u00e8me dimanche du temps ordinaire)<\/a><\/p>\n<p><a href=\"http:\/\/stluc.org\/wp-content\/uploads\/2019\/09\/Meditation-du-29092019.pdf\">M\u00e9ditation du 29\/09\/2019<\/a><\/p>\n<p><a href=\"http:\/\/stluc.org\/wp-content\/uploads\/2019\/06\/Comment-apprehender-ces-textes.pdf\">M\u00e9ditation du 22\/06\/2019<\/a><\/p>\n<p><a href=\"http:\/\/stluc.org\/wp-content\/uploads\/2019\/04\/meditation-2eme-dimanche-ap-Paques-2019.pdf\">M\u00e9ditation 2\u00e8me dimanche apr\u00e8s P\u00e2ques C 2019<\/a><\/p>\n<p><a href=\"http:\/\/stluc.org\/wp-content\/uploads\/2019\/04\/meditation_du_23032019.pdf\">M\u00e9ditation du 23\/03\/2019 (3\u00e8me dimanche de Car\u00eame) C<\/a><\/p>\n<p><a href=\"http:\/\/stluc.org\/wp-content\/uploads\/2019\/02\/M\u00e9ditation-7\u00e8me-dimanche-ordinaire.pdf\">M\u00e9ditation du 23\/02\/2019 (7\u00e8me dimanche du temps ordinaire) C<\/a><\/p>\n<p><a href=\"http:\/\/stluc.org\/wp-content\/uploads\/2019\/02\/M\u00e9ditation-S.-Luc-26-01-2019.pdf\">M\u00e9ditation du 26\/01\/2019 (3\u00e8me dimanche du temps ordinaire) C<\/a><\/p>\n<p><a href=\"http:\/\/stluc.org\/wp-content\/uploads\/2018\/09\/MEDITATION-du-25eme-Dimanche-B.pdf\">M\u00e9ditation du 25\u00e8me dimanche du temps ordinaire<\/a><\/p>\n<p><a href=\"http:\/\/stluc.org\/wp-content\/uploads\/2018\/06\/Meditation-Nativite-JeanBaptiste-2018.pdf\">M\u00e9ditation Nativit\u00e9 de Saint Jean Baptiste<\/a><\/p>\n<p><a href=\"http:\/\/stluc.org\/wp-content\/uploads\/2018\/06\/meditation-trinite-18.pdf\">M\u00e9ditation du dimanche de la Sainte Trinit\u00e9<\/a><\/p>\n<p><a href=\"http:\/\/stluc.org\/wp-content\/uploads\/2018\/04\/M\u00e9dit.-5eme-DIM.-P\u00e2ques-29.4.2018.pdf\">M\u00e9ditation 5\u00e8me dimanche du temps ordinaire<\/a><\/p>\n<p><a href=\"http:\/\/stluc.org\/wp-content\/uploads\/2018\/01\/Me\u0301dition-pour-le-Christ-Roi.pdf\">M\u00e9ditation\u00a0 Christ Roi<\/a><\/p>\n<p><a href=\"http:\/\/stluc.org\/wp-content\/uploads\/2018\/01\/meditation-4eme-dimanche-avent.pdf\">M\u00e9ditation 4\u00e8me dimanche de l&rsquo;Avent<\/a><\/p>\n<p><a href=\"http:\/\/stluc.org\/wp-content\/uploads\/2018\/05\/meditation_3eme_Aventt_18.12.2017.pdf\">M\u00e9ditation 3\u00e8me dimanche de l&rsquo;Avent<\/a><\/p>\n<p><a href=\"http:\/\/stluc.org\/wp-content\/uploads\/2017\/04\/M\u00e9ditation-du-22.04.2017.pdf\">M\u00e9ditation du 22 avril 2017<\/a><\/p>\n<p><a href=\"http:\/\/stluc.org\/wp-content\/uploads\/2017\/04\/Notre-Car\u00eame-2017-\u00e0-Saint-Luc.pdf\">Notre Car\u00eame 2017<\/a><\/p>\n<p><a href=\"http:\/\/stluc.org\/wp-content\/uploads\/2016\/02\/M\u00e9ditation-3\u00e8me-Dimanche-ordinaire.pdf\">M\u00e9ditation 3\u00e8me Dimanche ordinaire<\/a><\/p>\n<p><a href=\"http:\/\/stluc.org\/wp-content\/uploads\/2016\/01\/meditation_27122015.pdf\">M\u00e9ditation 27\/12\/2015<\/a><\/p>\n<p><a href=\"http:\/\/stluc.org\/wp-content\/uploads\/2016\/01\/meditation_Mathieu_624-34.pdf\">Saint Mathieu 6,24-34<\/a><\/p>\n<p><a href=\"http:\/\/stluc.org\/wp-content\/uploads\/2016\/01\/meditation_Mathieu_1613-19.pdf\">Saint Mathieu 16,13-19<\/a><\/p>\n<p><a href=\"http:\/\/stluc.org\/wp-content\/uploads\/2016\/01\/meditation_Marc_114-20.pdf\">Saint Marc 1,14-26<\/a><\/p>\n<p><a href=\"http:\/\/stluc.org\/wp-content\/uploads\/2016\/01\/meditation_Marc_121-28.pdf\">Saint Marc 1,21-28<\/a><\/p>\n<p><a href=\"http:\/\/stluc.org\/wp-content\/uploads\/2016\/01\/meditation_Marc_521-43.pdf\">Saint Marc 5,21-43<\/a><\/p>\n<p><a href=\"http:\/\/stluc.org\/wp-content\/uploads\/2016\/01\/meditation_Marc_92-10.pdf\">Saint Marc 9,2-10<\/a><\/p>\n<p><a href=\"http:\/\/stluc.org\/wp-content\/uploads\/2016\/01\/meditation_Marc_1046-52.pdf\">Saint Marc 10,46-52<\/a><\/p>\n<p><a href=\"http:\/\/stluc.org\/wp-content\/uploads\/2016\/01\/meditation_Marc_1333-37.pdf\">Saint Marc 13,33-37<\/a><\/p>\n<p><a href=\"http:\/\/stluc.org\/wp-content\/uploads\/2016\/01\/meditation_Luc_11-4_414-21.pdf\">Saint Luc 1,1-4;4,14-21<\/a><\/p>\n<p><a href=\"http:\/\/stluc.org\/wp-content\/uploads\/2016\/01\/meditation_Luc_241-52.pdf\">Saint Luc 2,41-52<\/a><\/p>\n<p><a href=\"http:\/\/stluc.org\/wp-content\/uploads\/2016\/01\/meditation_Luc_131-9.pdf\">Saint Luc 13,1-9<\/a><\/p>\n<p><a href=\"http:\/\/stluc.org\/wp-content\/uploads\/2016\/01\/meditation_Luc_1511-32.pdf\">Saint Luc 15,11-32<\/a><\/p>\n<p><a href=\"http:\/\/stluc.org\/wp-content\/uploads\/2016\/01\/meditation_Luc_1619-34.pdf\">Saint Luc 16,19-34<\/a><\/p>\n<p><a href=\"http:\/\/stluc.org\/wp-content\/uploads\/2016\/01\/meditation_Jean_45-42.pdf\">Saint Jean 4,5-42<\/a><\/p>\n<p><a href=\"http:\/\/stluc.org\/wp-content\/uploads\/2016\/01\/meditation_Jean_1612-15.pdf\">Saint Jean 16,12-15<\/a><\/p>\n<p><a href=\"http:\/\/stluc.org\/wp-content\/uploads\/2016\/01\/meditation_Jean_1833b-37.pdf\">Saint Jean 18,33b-37<\/a><\/p>\n<p><a href=\"http:\/\/stluc.org\/wp-content\/uploads\/2016\/01\/meditation_Jean_201-31.pdf\">Saint Jean 20,1-31<\/a><\/p>\n<p><a href=\"http:\/\/stluc.org\/wp-content\/uploads\/2016\/01\/Amos-M\u00e9ditation-des-Textes.pdf\">Amos Ev. Luc(16,19-31) 26e Dimanche<\/a><\/p>\n<p><a href=\"http:\/\/stluc.org\/wp-content\/uploads\/2016\/01\/ESPRIT-VERITE-MEDITATION-Copie.pdf\">L&rsquo;Esprit de V\u00e9rit\u00e9 6eme de P\u00e2ques<\/a><\/p>\n<p><a href=\"http:\/\/stluc.org\/wp-content\/uploads\/2016\/01\/meditation_Luc_11-4_414-21.pdf\">Saint-Luc1,1-4;4,14-21<\/a><\/p>\n<p><a href=\"http:\/\/stluc.org\/wp-content\/uploads\/2016\/02\/meditation1.pdf\">3eme Dimanche de Car\u00eame Ann\u00e9e C<\/a><\/p>\n<p><a href=\"http:\/\/stluc.org\/wp-content\/uploads\/2017\/02\/Les-B\u00e9atitudes.pdf\">Les B\u00e9atitudes Mat. 5, 1-12a<\/a><\/p>\n","protected":false},"excerpt":{"rendered":"<p>M\u00e9ditation du 5\u00e8me dimanche de Car\u00eame M\u00e9ditation du 2\u00e8me dimanche du temps ordinaire M\u00e9ditation du \u00ab\u00a0Christ Roi de l&rsquo;univers\u00a0\u00bb Hom\u00e9lie du 7\u00e8me dimanche de P\u00e2ques R\u00e9flexions sur les textes du 6\u00e8me dimanche de P\u00e2ques M\u00e9ditation du 3\u00e8me dimanche de Car\u00eame 2025 M\u00e9ditation du 7\u00e8me dimanche ordinaire M\u00e9ditation du 3\u00e8me dimanche ordinaire M\u00e9ditation du Christ roi &hellip;<\/p>\n","protected":false},"author":1,"featured_media":0,"parent":0,"menu_order":0,"comment_status":"closed","ping_status":"closed","template":"","meta":{"footnotes":""},"class_list":["post-180","page","type-page","status-publish","hentry"],"yoast_head":"<!-- This site is optimized with the Yoast SEO plugin v20.12 - https:\/\/yoast.com\/wordpress\/plugins\/seo\/ -->\n<title>M\u00e9ditations - Communaut\u00e9 Catholique Saint Luc<\/title>\n<meta name=\"robots\" content=\"index, follow, max-snippet:-1, max-image-preview:large, max-video-preview:-1\" \/>\n<link rel=\"canonical\" href=\"https:\/\/stluc.org\/?page_id=180\" \/>\n<meta property=\"og:locale\" content=\"fr_FR\" \/>\n<meta property=\"og:type\" content=\"article\" \/>\n<meta property=\"og:title\" content=\"M\u00e9ditations - Communaut\u00e9 Catholique Saint Luc\" \/>\n<meta property=\"og:description\" content=\"M\u00e9ditation du 5\u00e8me dimanche de Car\u00eame M\u00e9ditation du 2\u00e8me dimanche du temps ordinaire M\u00e9ditation du \u00ab\u00a0Christ Roi de l&rsquo;univers\u00a0\u00bb Hom\u00e9lie du 7\u00e8me dimanche de P\u00e2ques R\u00e9flexions sur les textes du 6\u00e8me dimanche de P\u00e2ques M\u00e9ditation du 3\u00e8me dimanche de Car\u00eame 2025 M\u00e9ditation du 7\u00e8me dimanche ordinaire M\u00e9ditation du 3\u00e8me dimanche ordinaire M\u00e9ditation du Christ roi &hellip;\" \/>\n<meta property=\"og:url\" content=\"https:\/\/stluc.org\/?page_id=180\" \/>\n<meta property=\"og:site_name\" content=\"Communaut\u00e9 Catholique Saint Luc\" \/>\n<meta property=\"article:modified_time\" content=\"2026-03-29T15:16:17+00:00\" \/>\n<meta name=\"twitter:card\" content=\"summary_large_image\" \/>\n<meta name=\"twitter:label1\" content=\"Dur\u00e9e de lecture estim\u00e9e\" \/>\n\t<meta name=\"twitter:data1\" content=\"2 minutes\" \/>\n<script type=\"application\/ld+json\" class=\"yoast-schema-graph\">{\"@context\":\"https:\/\/schema.org\",\"@graph\":[{\"@type\":\"WebPage\",\"@id\":\"https:\/\/stluc.org\/?page_id=180\",\"url\":\"https:\/\/stluc.org\/?page_id=180\",\"name\":\"M\u00e9ditations - Communaut\u00e9 Catholique Saint Luc\",\"isPartOf\":{\"@id\":\"https:\/\/stluc.org\/#website\"},\"datePublished\":\"2016-01-24T15:17:22+00:00\",\"dateModified\":\"2026-03-29T15:16:17+00:00\",\"breadcrumb\":{\"@id\":\"https:\/\/stluc.org\/?page_id=180#breadcrumb\"},\"inLanguage\":\"fr-FR\",\"potentialAction\":[{\"@type\":\"ReadAction\",\"target\":[\"https:\/\/stluc.org\/?page_id=180\"]}]},{\"@type\":\"BreadcrumbList\",\"@id\":\"https:\/\/stluc.org\/?page_id=180#breadcrumb\",\"itemListElement\":[{\"@type\":\"ListItem\",\"position\":1,\"name\":\"Accueil\",\"item\":\"https:\/\/stluc.org\/\"},{\"@type\":\"ListItem\",\"position\":2,\"name\":\"M\u00e9ditations\"}]},{\"@type\":\"WebSite\",\"@id\":\"https:\/\/stluc.org\/#website\",\"url\":\"https:\/\/stluc.org\/\",\"name\":\"Communaut\u00e9 Catholique Saint Luc\",\"description\":\"La Coresponsabilit\u00e9 en Eglise\",\"potentialAction\":[{\"@type\":\"SearchAction\",\"target\":{\"@type\":\"EntryPoint\",\"urlTemplate\":\"https:\/\/stluc.org\/?s={search_term_string}\"},\"query-input\":\"required name=search_term_string\"}],\"inLanguage\":\"fr-FR\"}]}<\/script>\n<!-- \/ Yoast SEO plugin. -->","yoast_head_json":{"title":"M\u00e9ditations - Communaut\u00e9 Catholique Saint Luc","robots":{"index":"index","follow":"follow","max-snippet":"max-snippet:-1","max-image-preview":"max-image-preview:large","max-video-preview":"max-video-preview:-1"},"canonical":"https:\/\/stluc.org\/?page_id=180","og_locale":"fr_FR","og_type":"article","og_title":"M\u00e9ditations - Communaut\u00e9 Catholique Saint Luc","og_description":"M\u00e9ditation du 5\u00e8me dimanche de Car\u00eame M\u00e9ditation du 2\u00e8me dimanche du temps ordinaire M\u00e9ditation du \u00ab\u00a0Christ Roi de l&rsquo;univers\u00a0\u00bb Hom\u00e9lie du 7\u00e8me dimanche de P\u00e2ques R\u00e9flexions sur les textes du 6\u00e8me dimanche de P\u00e2ques M\u00e9ditation du 3\u00e8me dimanche de Car\u00eame 2025 M\u00e9ditation du 7\u00e8me dimanche ordinaire M\u00e9ditation du 3\u00e8me dimanche ordinaire M\u00e9ditation du Christ roi &hellip;","og_url":"https:\/\/stluc.org\/?page_id=180","og_site_name":"Communaut\u00e9 Catholique Saint Luc","article_modified_time":"2026-03-29T15:16:17+00:00","twitter_card":"summary_large_image","twitter_misc":{"Dur\u00e9e de lecture estim\u00e9e":"2 minutes"},"schema":{"@context":"https:\/\/schema.org","@graph":[{"@type":"WebPage","@id":"https:\/\/stluc.org\/?page_id=180","url":"https:\/\/stluc.org\/?page_id=180","name":"M\u00e9ditations - Communaut\u00e9 Catholique Saint Luc","isPartOf":{"@id":"https:\/\/stluc.org\/#website"},"datePublished":"2016-01-24T15:17:22+00:00","dateModified":"2026-03-29T15:16:17+00:00","breadcrumb":{"@id":"https:\/\/stluc.org\/?page_id=180#breadcrumb"},"inLanguage":"fr-FR","potentialAction":[{"@type":"ReadAction","target":["https:\/\/stluc.org\/?page_id=180"]}]},{"@type":"BreadcrumbList","@id":"https:\/\/stluc.org\/?page_id=180#breadcrumb","itemListElement":[{"@type":"ListItem","position":1,"name":"Accueil","item":"https:\/\/stluc.org\/"},{"@type":"ListItem","position":2,"name":"M\u00e9ditations"}]},{"@type":"WebSite","@id":"https:\/\/stluc.org\/#website","url":"https:\/\/stluc.org\/","name":"Communaut\u00e9 Catholique Saint Luc","description":"La Coresponsabilit\u00e9 en Eglise","potentialAction":[{"@type":"SearchAction","target":{"@type":"EntryPoint","urlTemplate":"https:\/\/stluc.org\/?s={search_term_string}"},"query-input":"required name=search_term_string"}],"inLanguage":"fr-FR"}]}},"_links":{"self":[{"href":"https:\/\/stluc.org\/index.php?rest_route=\/wp\/v2\/pages\/180","targetHints":{"allow":["GET"]}}],"collection":[{"href":"https:\/\/stluc.org\/index.php?rest_route=\/wp\/v2\/pages"}],"about":[{"href":"https:\/\/stluc.org\/index.php?rest_route=\/wp\/v2\/types\/page"}],"author":[{"embeddable":true,"href":"https:\/\/stluc.org\/index.php?rest_route=\/wp\/v2\/users\/1"}],"replies":[{"embeddable":true,"href":"https:\/\/stluc.org\/index.php?rest_route=%2Fwp%2Fv2%2Fcomments&post=180"}],"version-history":[{"count":122,"href":"https:\/\/stluc.org\/index.php?rest_route=\/wp\/v2\/pages\/180\/revisions"}],"predecessor-version":[{"id":1347,"href":"https:\/\/stluc.org\/index.php?rest_route=\/wp\/v2\/pages\/180\/revisions\/1347"}],"wp:attachment":[{"href":"https:\/\/stluc.org\/index.php?rest_route=%2Fwp%2Fv2%2Fmedia&parent=180"}],"curies":[{"name":"wp","href":"https:\/\/api.w.org\/{rel}","templated":true}]}}