{"id":16,"date":"2015-12-29T19:45:46","date_gmt":"2015-12-29T19:45:46","guid":{"rendered":"http:\/\/stluc.org\/?page_id=16"},"modified":"2019-09-16T18:30:30","modified_gmt":"2019-09-16T16:30:30","slug":"qui-sommes-nous","status":"publish","type":"page","link":"https:\/\/stluc.org\/?page_id=16","title":{"rendered":"Qui sommes-nous ?"},"content":{"rendered":"<p>La communaut\u00e9 Saint-Luc est une <strong>association publique de fid\u00e8les<\/strong> dont les Statuts ont \u00e9t\u00e9 promulgu\u00e9s par le Cardinal Coffy \u00e0 la Pentec\u00f4te 1993.<\/p>\n<p>Le fonctionnement de Saint-Luc est donc r\u00e9gi par :<br \/>\n\u2022des Statuts,<br \/>\n\u2022compl\u00e9t\u00e9s par une Charte,<br \/>\n\u2022et une Note d&rsquo;Information<\/p>\n<p>Une <strong>Assembl\u00e9e G\u00e9n\u00e9rale<\/strong> d\u00e9termine chaque ann\u00e9e les orientations pastorales de la communaut\u00e9.<\/p>\n<p>Un<strong> Conseil<\/strong> de 8 membres, \u00e9lu pour trois ans, veille \u00e0 l&rsquo;application de ces orientations.<\/p>\n<p><strong>Une \u00e9quipe animatrice<\/strong>, \u00e9lue par le Conseil, comprend un responsable reconnu par l&rsquo;archev\u00eaque, le \u00ab\u00a0mocambi\u00a0\u00bb, et ses trois adjoints.<\/p>\n<p><strong>Un pr\u00eatre,<\/strong> nomm\u00e9 par l&rsquo;archev\u00eaque, apr\u00e8s consultation du Conseil, accompagne la communaut\u00e9.<\/p>\n<p><em>La communaut\u00e9 fait partie du secteur pastoral Menpenti-Baille.<\/em><\/p>\n<p><strong>Une \u00c9glise de libre expression :<\/strong><\/p>\n<p>A l&rsquo;eucharistie, selon les semaines, partage d\u2019\u00c9vangile, m\u00e9ditation par un la\u00efc, libres intentions de pri\u00e8res, partage de vie : chacun peut exprimer ce que la parole de Dieu lui inspire. Au \u00ab\u00a0P&rsquo;tit d\u00e9j\u00a0\u00bb, un dimanche par mois, autour d&rsquo;un caf\u00e9, libres \u00e9changes sur des sujets choisis par les participants.<\/p>\n<p><strong>Une \u00c9glise du partage et de la rencontre :<\/strong><\/p>\n<p>Un \u00ab\u00a0Plat de p\u00e2tes\u00a0\u00bb,\u00a0 pour \u00e9changer avec un invit\u00e9 sur ses engagements.<\/p>\n<p><strong>Une \u00c9glise solidaire et servante :<\/strong><\/p>\n<p>Une invitation \u00e0 participer aux activit\u00e9s de l&rsquo;ACAT, du CCFD, d&rsquo;ATD Quart-Monde, d&rsquo;Artisans du Monde, du Mouvement de la Paix, etc.<\/p>\n","protected":false},"excerpt":{"rendered":"<p>La communaut\u00e9 Saint-Luc est une association publique de fid\u00e8les dont les Statuts ont \u00e9t\u00e9 promulgu\u00e9s par le Cardinal Coffy \u00e0 la Pentec\u00f4te 1993. Le fonctionnement de Saint-Luc est donc r\u00e9gi par : \u2022des Statuts, \u2022compl\u00e9t\u00e9s par une Charte, \u2022et une Note d&rsquo;Information Une Assembl\u00e9e G\u00e9n\u00e9rale d\u00e9termine chaque ann\u00e9e les orientations pastorales de la communaut\u00e9. Un &hellip;<\/p>\n","protected":false},"author":1,"featured_media":0,"parent":0,"menu_order":0,"comment_status":"closed","ping_status":"closed","template":"","meta":{"footnotes":""},"class_list":["post-16","page","type-page","status-publish","hentry"],"yoast_head":"<!-- This site is optimized with the Yoast SEO plugin v20.12 - https:\/\/yoast.com\/wordpress\/plugins\/seo\/ -->\n<title>Qui sommes-nous ? - Communaut\u00e9 Catholique Saint Luc<\/title>\n<meta name=\"robots\" content=\"index, follow, max-snippet:-1, max-image-preview:large, max-video-preview:-1\" \/>\n<link rel=\"canonical\" href=\"https:\/\/stluc.org\/?page_id=16\" \/>\n<meta property=\"og:locale\" content=\"fr_FR\" \/>\n<meta property=\"og:type\" content=\"article\" \/>\n<meta property=\"og:title\" content=\"Qui sommes-nous ? - Communaut\u00e9 Catholique Saint Luc\" \/>\n<meta property=\"og:description\" content=\"La communaut\u00e9 Saint-Luc est une association publique de fid\u00e8les dont les Statuts ont \u00e9t\u00e9 promulgu\u00e9s par le Cardinal Coffy \u00e0 la Pentec\u00f4te 1993. Le fonctionnement de Saint-Luc est donc r\u00e9gi par : \u2022des Statuts, \u2022compl\u00e9t\u00e9s par une Charte, \u2022et une Note d&rsquo;Information Une Assembl\u00e9e G\u00e9n\u00e9rale d\u00e9termine chaque ann\u00e9e les orientations pastorales de la communaut\u00e9. Un &hellip;\" \/>\n<meta property=\"og:url\" content=\"https:\/\/stluc.org\/?page_id=16\" \/>\n<meta property=\"og:site_name\" content=\"Communaut\u00e9 Catholique Saint Luc\" \/>\n<meta property=\"article:modified_time\" content=\"2019-09-16T16:30:30+00:00\" \/>\n<meta name=\"twitter:card\" content=\"summary_large_image\" \/>\n<meta name=\"twitter:label1\" content=\"Dur\u00e9e de lecture estim\u00e9e\" \/>\n\t<meta name=\"twitter:data1\" content=\"1 minute\" \/>\n<script type=\"application\/ld+json\" class=\"yoast-schema-graph\">{\"@context\":\"https:\/\/schema.org\",\"@graph\":[{\"@type\":\"WebPage\",\"@id\":\"https:\/\/stluc.org\/?page_id=16\",\"url\":\"https:\/\/stluc.org\/?page_id=16\",\"name\":\"Qui sommes-nous ? - Communaut\u00e9 Catholique Saint Luc\",\"isPartOf\":{\"@id\":\"https:\/\/stluc.org\/#website\"},\"datePublished\":\"2015-12-29T19:45:46+00:00\",\"dateModified\":\"2019-09-16T16:30:30+00:00\",\"breadcrumb\":{\"@id\":\"https:\/\/stluc.org\/?page_id=16#breadcrumb\"},\"inLanguage\":\"fr-FR\",\"potentialAction\":[{\"@type\":\"ReadAction\",\"target\":[\"https:\/\/stluc.org\/?page_id=16\"]}]},{\"@type\":\"BreadcrumbList\",\"@id\":\"https:\/\/stluc.org\/?page_id=16#breadcrumb\",\"itemListElement\":[{\"@type\":\"ListItem\",\"position\":1,\"name\":\"Accueil\",\"item\":\"https:\/\/stluc.org\/\"},{\"@type\":\"ListItem\",\"position\":2,\"name\":\"Qui sommes-nous ?\"}]},{\"@type\":\"WebSite\",\"@id\":\"https:\/\/stluc.org\/#website\",\"url\":\"https:\/\/stluc.org\/\",\"name\":\"Communaut\u00e9 Catholique Saint Luc\",\"description\":\"La Coresponsabilit\u00e9 en Eglise\",\"potentialAction\":[{\"@type\":\"SearchAction\",\"target\":{\"@type\":\"EntryPoint\",\"urlTemplate\":\"https:\/\/stluc.org\/?s={search_term_string}\"},\"query-input\":\"required name=search_term_string\"}],\"inLanguage\":\"fr-FR\"}]}<\/script>\n<!-- \/ Yoast SEO plugin. -->","yoast_head_json":{"title":"Qui sommes-nous ? - Communaut\u00e9 Catholique Saint Luc","robots":{"index":"index","follow":"follow","max-snippet":"max-snippet:-1","max-image-preview":"max-image-preview:large","max-video-preview":"max-video-preview:-1"},"canonical":"https:\/\/stluc.org\/?page_id=16","og_locale":"fr_FR","og_type":"article","og_title":"Qui sommes-nous ? - Communaut\u00e9 Catholique Saint Luc","og_description":"La communaut\u00e9 Saint-Luc est une association publique de fid\u00e8les dont les Statuts ont \u00e9t\u00e9 promulgu\u00e9s par le Cardinal Coffy \u00e0 la Pentec\u00f4te 1993. Le fonctionnement de Saint-Luc est donc r\u00e9gi par : \u2022des Statuts, \u2022compl\u00e9t\u00e9s par une Charte, \u2022et une Note d&rsquo;Information Une Assembl\u00e9e G\u00e9n\u00e9rale d\u00e9termine chaque ann\u00e9e les orientations pastorales de la communaut\u00e9. Un &hellip;","og_url":"https:\/\/stluc.org\/?page_id=16","og_site_name":"Communaut\u00e9 Catholique Saint Luc","article_modified_time":"2019-09-16T16:30:30+00:00","twitter_card":"summary_large_image","twitter_misc":{"Dur\u00e9e de lecture estim\u00e9e":"1 minute"},"schema":{"@context":"https:\/\/schema.org","@graph":[{"@type":"WebPage","@id":"https:\/\/stluc.org\/?page_id=16","url":"https:\/\/stluc.org\/?page_id=16","name":"Qui sommes-nous ? - Communaut\u00e9 Catholique Saint Luc","isPartOf":{"@id":"https:\/\/stluc.org\/#website"},"datePublished":"2015-12-29T19:45:46+00:00","dateModified":"2019-09-16T16:30:30+00:00","breadcrumb":{"@id":"https:\/\/stluc.org\/?page_id=16#breadcrumb"},"inLanguage":"fr-FR","potentialAction":[{"@type":"ReadAction","target":["https:\/\/stluc.org\/?page_id=16"]}]},{"@type":"BreadcrumbList","@id":"https:\/\/stluc.org\/?page_id=16#breadcrumb","itemListElement":[{"@type":"ListItem","position":1,"name":"Accueil","item":"https:\/\/stluc.org\/"},{"@type":"ListItem","position":2,"name":"Qui sommes-nous ?"}]},{"@type":"WebSite","@id":"https:\/\/stluc.org\/#website","url":"https:\/\/stluc.org\/","name":"Communaut\u00e9 Catholique Saint Luc","description":"La Coresponsabilit\u00e9 en Eglise","potentialAction":[{"@type":"SearchAction","target":{"@type":"EntryPoint","urlTemplate":"https:\/\/stluc.org\/?s={search_term_string}"},"query-input":"required name=search_term_string"}],"inLanguage":"fr-FR"}]}},"_links":{"self":[{"href":"https:\/\/stluc.org\/index.php?rest_route=\/wp\/v2\/pages\/16","targetHints":{"allow":["GET"]}}],"collection":[{"href":"https:\/\/stluc.org\/index.php?rest_route=\/wp\/v2\/pages"}],"about":[{"href":"https:\/\/stluc.org\/index.php?rest_route=\/wp\/v2\/types\/page"}],"author":[{"embeddable":true,"href":"https:\/\/stluc.org\/index.php?rest_route=\/wp\/v2\/users\/1"}],"replies":[{"embeddable":true,"href":"https:\/\/stluc.org\/index.php?rest_route=%2Fwp%2Fv2%2Fcomments&post=16"}],"version-history":[{"count":5,"href":"https:\/\/stluc.org\/index.php?rest_route=\/wp\/v2\/pages\/16\/revisions"}],"predecessor-version":[{"id":960,"href":"https:\/\/stluc.org\/index.php?rest_route=\/wp\/v2\/pages\/16\/revisions\/960"}],"wp:attachment":[{"href":"https:\/\/stluc.org\/index.php?rest_route=%2Fwp%2Fv2%2Fmedia&parent=16"}],"curies":[{"name":"wp","href":"https:\/\/api.w.org\/{rel}","templated":true}]}}