{"id":14,"date":"2015-12-29T19:45:32","date_gmt":"2015-12-29T19:45:32","guid":{"rendered":"http:\/\/stluc.org\/?page_id=14"},"modified":"2023-07-25T19:14:19","modified_gmt":"2023-07-25T17:14:19","slug":"nous-contacter","status":"publish","type":"page","link":"https:\/\/stluc.org\/?page_id=14","title":{"rendered":"Nous contacter"},"content":{"rendered":"<p>Une communaut\u00e9 catholique de la\u00efcs, du Dioc\u00e8se de Marseille &#8230;..pr\u00eate \u00e0 vous accueillir.<br \/>\n\u2022Adresse : 231 rue St-Pierre, F-13005 Marseille (m\u00e9tro Timone)<br \/>\n\u2022Tel : 09.52.19.35.99 \/ Fax : 09.57.19.35.99 (interdit \u00e0 la publicit\u00e9)<br \/>\n\u2022Courriel : stluc@stluc.org<br \/>\n\u2022Eucharistie (messe anticip\u00e9e du dimanche) : samedi 18h30<br \/>\n\u2022Responsables<br \/>\nMocambi : Genevi\u00e8ve Richard<br \/>\nPr\u00eatre : Vincent de Marcillac, sj<\/p>\n","protected":false},"excerpt":{"rendered":"<p>Une communaut\u00e9 catholique de la\u00efcs, du Dioc\u00e8se de Marseille &#8230;..pr\u00eate \u00e0 vous accueillir. \u2022Adresse : 231 rue St-Pierre, F-13005 Marseille (m\u00e9tro Timone) \u2022Tel : 09.52.19.35.99 \/ Fax : 09.57.19.35.99 (interdit \u00e0 la publicit\u00e9) \u2022Courriel : stluc@stluc.org \u2022Eucharistie (messe anticip\u00e9e du dimanche) : samedi 18h30 \u2022Responsables Mocambi : Genevi\u00e8ve Richard Pr\u00eatre : Vincent de Marcillac, sj<\/p>\n","protected":false},"author":1,"featured_media":0,"parent":0,"menu_order":0,"comment_status":"closed","ping_status":"closed","template":"","meta":{"footnotes":""},"class_list":["post-14","page","type-page","status-publish","hentry"],"yoast_head":"<!-- This site is optimized with the Yoast SEO plugin v20.12 - https:\/\/yoast.com\/wordpress\/plugins\/seo\/ -->\n<title>Nous contacter - Communaut\u00e9 Catholique Saint Luc<\/title>\n<meta name=\"robots\" content=\"index, follow, max-snippet:-1, max-image-preview:large, max-video-preview:-1\" \/>\n<link rel=\"canonical\" href=\"https:\/\/stluc.org\/?page_id=14\" \/>\n<meta property=\"og:locale\" content=\"fr_FR\" \/>\n<meta property=\"og:type\" content=\"article\" \/>\n<meta property=\"og:title\" content=\"Nous contacter - Communaut\u00e9 Catholique Saint Luc\" \/>\n<meta property=\"og:description\" content=\"Une communaut\u00e9 catholique de la\u00efcs, du Dioc\u00e8se de Marseille &#8230;..pr\u00eate \u00e0 vous accueillir. \u2022Adresse : 231 rue St-Pierre, F-13005 Marseille (m\u00e9tro Timone) \u2022Tel : 09.52.19.35.99 \/ Fax : 09.57.19.35.99 (interdit \u00e0 la publicit\u00e9) \u2022Courriel : stluc@stluc.org \u2022Eucharistie (messe anticip\u00e9e du dimanche) : samedi 18h30 \u2022Responsables Mocambi : Genevi\u00e8ve Richard Pr\u00eatre : Vincent de Marcillac, sj\" \/>\n<meta property=\"og:url\" content=\"https:\/\/stluc.org\/?page_id=14\" \/>\n<meta property=\"og:site_name\" content=\"Communaut\u00e9 Catholique Saint Luc\" \/>\n<meta property=\"article:modified_time\" content=\"2023-07-25T17:14:19+00:00\" \/>\n<meta name=\"twitter:card\" content=\"summary_large_image\" \/>\n<meta name=\"twitter:label1\" content=\"Dur\u00e9e de lecture estim\u00e9e\" \/>\n\t<meta name=\"twitter:data1\" content=\"1 minute\" \/>\n<script type=\"application\/ld+json\" class=\"yoast-schema-graph\">{\"@context\":\"https:\/\/schema.org\",\"@graph\":[{\"@type\":\"WebPage\",\"@id\":\"https:\/\/stluc.org\/?page_id=14\",\"url\":\"https:\/\/stluc.org\/?page_id=14\",\"name\":\"Nous contacter - Communaut\u00e9 Catholique Saint Luc\",\"isPartOf\":{\"@id\":\"https:\/\/stluc.org\/#website\"},\"datePublished\":\"2015-12-29T19:45:32+00:00\",\"dateModified\":\"2023-07-25T17:14:19+00:00\",\"breadcrumb\":{\"@id\":\"https:\/\/stluc.org\/?page_id=14#breadcrumb\"},\"inLanguage\":\"fr-FR\",\"potentialAction\":[{\"@type\":\"ReadAction\",\"target\":[\"https:\/\/stluc.org\/?page_id=14\"]}]},{\"@type\":\"BreadcrumbList\",\"@id\":\"https:\/\/stluc.org\/?page_id=14#breadcrumb\",\"itemListElement\":[{\"@type\":\"ListItem\",\"position\":1,\"name\":\"Accueil\",\"item\":\"https:\/\/stluc.org\/\"},{\"@type\":\"ListItem\",\"position\":2,\"name\":\"Nous contacter\"}]},{\"@type\":\"WebSite\",\"@id\":\"https:\/\/stluc.org\/#website\",\"url\":\"https:\/\/stluc.org\/\",\"name\":\"Communaut\u00e9 Catholique Saint Luc\",\"description\":\"La Coresponsabilit\u00e9 en Eglise\",\"potentialAction\":[{\"@type\":\"SearchAction\",\"target\":{\"@type\":\"EntryPoint\",\"urlTemplate\":\"https:\/\/stluc.org\/?s={search_term_string}\"},\"query-input\":\"required name=search_term_string\"}],\"inLanguage\":\"fr-FR\"}]}<\/script>\n<!-- \/ Yoast SEO plugin. -->","yoast_head_json":{"title":"Nous contacter - Communaut\u00e9 Catholique Saint Luc","robots":{"index":"index","follow":"follow","max-snippet":"max-snippet:-1","max-image-preview":"max-image-preview:large","max-video-preview":"max-video-preview:-1"},"canonical":"https:\/\/stluc.org\/?page_id=14","og_locale":"fr_FR","og_type":"article","og_title":"Nous contacter - Communaut\u00e9 Catholique Saint Luc","og_description":"Une communaut\u00e9 catholique de la\u00efcs, du Dioc\u00e8se de Marseille &#8230;..pr\u00eate \u00e0 vous accueillir. \u2022Adresse : 231 rue St-Pierre, F-13005 Marseille (m\u00e9tro Timone) \u2022Tel : 09.52.19.35.99 \/ Fax : 09.57.19.35.99 (interdit \u00e0 la publicit\u00e9) \u2022Courriel : stluc@stluc.org \u2022Eucharistie (messe anticip\u00e9e du dimanche) : samedi 18h30 \u2022Responsables Mocambi : Genevi\u00e8ve Richard Pr\u00eatre : Vincent de Marcillac, sj","og_url":"https:\/\/stluc.org\/?page_id=14","og_site_name":"Communaut\u00e9 Catholique Saint Luc","article_modified_time":"2023-07-25T17:14:19+00:00","twitter_card":"summary_large_image","twitter_misc":{"Dur\u00e9e de lecture estim\u00e9e":"1 minute"},"schema":{"@context":"https:\/\/schema.org","@graph":[{"@type":"WebPage","@id":"https:\/\/stluc.org\/?page_id=14","url":"https:\/\/stluc.org\/?page_id=14","name":"Nous contacter - Communaut\u00e9 Catholique Saint Luc","isPartOf":{"@id":"https:\/\/stluc.org\/#website"},"datePublished":"2015-12-29T19:45:32+00:00","dateModified":"2023-07-25T17:14:19+00:00","breadcrumb":{"@id":"https:\/\/stluc.org\/?page_id=14#breadcrumb"},"inLanguage":"fr-FR","potentialAction":[{"@type":"ReadAction","target":["https:\/\/stluc.org\/?page_id=14"]}]},{"@type":"BreadcrumbList","@id":"https:\/\/stluc.org\/?page_id=14#breadcrumb","itemListElement":[{"@type":"ListItem","position":1,"name":"Accueil","item":"https:\/\/stluc.org\/"},{"@type":"ListItem","position":2,"name":"Nous contacter"}]},{"@type":"WebSite","@id":"https:\/\/stluc.org\/#website","url":"https:\/\/stluc.org\/","name":"Communaut\u00e9 Catholique Saint Luc","description":"La Coresponsabilit\u00e9 en Eglise","potentialAction":[{"@type":"SearchAction","target":{"@type":"EntryPoint","urlTemplate":"https:\/\/stluc.org\/?s={search_term_string}"},"query-input":"required name=search_term_string"}],"inLanguage":"fr-FR"}]}},"_links":{"self":[{"href":"https:\/\/stluc.org\/index.php?rest_route=\/wp\/v2\/pages\/14","targetHints":{"allow":["GET"]}}],"collection":[{"href":"https:\/\/stluc.org\/index.php?rest_route=\/wp\/v2\/pages"}],"about":[{"href":"https:\/\/stluc.org\/index.php?rest_route=\/wp\/v2\/types\/page"}],"author":[{"embeddable":true,"href":"https:\/\/stluc.org\/index.php?rest_route=\/wp\/v2\/users\/1"}],"replies":[{"embeddable":true,"href":"https:\/\/stluc.org\/index.php?rest_route=%2Fwp%2Fv2%2Fcomments&post=14"}],"version-history":[{"count":7,"href":"https:\/\/stluc.org\/index.php?rest_route=\/wp\/v2\/pages\/14\/revisions"}],"predecessor-version":[{"id":1164,"href":"https:\/\/stluc.org\/index.php?rest_route=\/wp\/v2\/pages\/14\/revisions\/1164"}],"wp:attachment":[{"href":"https:\/\/stluc.org\/index.php?rest_route=%2Fwp%2Fv2%2Fmedia&parent=14"}],"curies":[{"name":"wp","href":"https:\/\/api.w.org\/{rel}","templated":true}]}}